{"id":3,"date":"2025-02-22T12:19:15","date_gmt":"2025-02-22T11:19:15","guid":{"rendered":"http:\/\/mojkontrakt.pl\/?page_id=3"},"modified":"2025-07-07T18:26:30","modified_gmt":"2025-07-07T16:26:30","slug":"polityka-prywatnosci","status":"publish","type":"page","link":"https:\/\/mojkontrakt.pl\/?page_id=3","title":{"rendered":"Polityka prywatno\u015bci"},"content":{"rendered":"<p><section data-bb-version=\"5.3.4\" id=\"bt_bb_section69e1d9632c17b\" class=\"bt_bb_section bt_bb_layout_boxed_1200\"  data-bt-override-class=\"null\"><div class=\"bt_bb_port\"><div class=\"bt_bb_cell\"><div class=\"bt_bb_cell_inner\"><div class=\"bt_bb_row \"  data-bt-override-class=\"{}\"><div class=\"bt_bb_row_holder\" ><div data-bb-version=\"5.3.4\"  class=\"bt_bb_column col-xxl-12 col-xl-12 col-xs-12 col-sm-12 col-md-12 col-lg-12 bt_bb_vertical_align_top bt_bb_align_left bt_bb_padding_normal\" style=\"; --column-width:12;\" data-width=\"12\" data-bt-override-class=\"{}\"><div class=\"bt_bb_column_content\"><div class=\"bt_bb_column_content_inner\"><\/div><\/div><\/div><\/div><\/div><\/div><!-- cell_inner --><\/div><!-- cell --><\/div><!-- port --><\/section><section data-bb-version=\"5.2.6\" id=\"bt_bb_section69e1d9632c284\" class=\"bt_bb_section bt_bb_layout_boxed_1200\"  data-bt-override-class=\"null\"><div class=\"bt_bb_port\"><div class=\"bt_bb_cell\"><div class=\"bt_bb_cell_inner\"><div class=\"bt_bb_row \"  data-bt-override-class=\"{}\"><div class=\"bt_bb_row_holder\" ><div data-bb-version=\"5.2.6\"  class=\"bt_bb_column col-xxl-12 col-xl-12 col-xs-12 col-sm-12 col-md-12 col-lg-12 bt_bb_vertical_align_top bt_bb_align_left bt_bb_padding_normal\" style=\"; --column-width:12;\" data-width=\"12\" data-bt-override-class=\"{}\"><div class=\"bt_bb_column_content\"><div class=\"bt_bb_column_content_inner\"><\/div><\/div><\/div><\/div><\/div><\/div><!-- cell_inner --><\/div><!-- cell --><\/div><!-- port --><\/section><section data-bb-version=\"5.2.6\" id=\"bt_bb_section69e1d9632c30f\" class=\"bt_bb_section bt_bb_layout_boxed_1200\"  data-bt-override-class=\"null\"><div class=\"bt_bb_port\"><div class=\"bt_bb_cell\"><div class=\"bt_bb_cell_inner\"><div class=\"bt_bb_row \"  data-bt-override-class=\"{}\"><div class=\"bt_bb_row_holder\" ><div data-bb-version=\"5.2.6\"  class=\"bt_bb_column col-xxl-12 col-xl-12 col-xs-12 col-sm-12 col-md-12 col-lg-12 bt_bb_vertical_align_top bt_bb_align_left bt_bb_padding_normal\" style=\"; --column-width:12;\" data-width=\"12\" data-bt-override-class=\"{}\"><div class=\"bt_bb_column_content\"><div class=\"bt_bb_column_content_inner\"><div data-bb-version=\"5.2.6\"  class=\"bt_bb_text\" ><\/p>\n<p><strong>1. Postanowienia og\u00f3lne<\/strong><\/p>\n<p>1.1. Niniejsza Polityka Prywatno\u015bci okre\u015bla zasady przetwarzania i ochrony danych osobowych u\u017cytkownik\u00f3w strony internetowej prowadzonej przez Przemys\u0142awa Sawczuk, z siedzib\u0105 pod adresem: ul. Strzeszy\u0144ska 89\/7, 60-479 Pozna\u0144, NIP: 5651484510, REGON: 362622681.<\/p>\n<p>1.2. Administratorem danych osobowych jest Przemys\u0142aw Sawczuk, prowadz\u0105cy indywidualn\u0105 dzia\u0142alno\u015b\u0107 gospodarcz\u0105, z adresem rejestrowym: ul. Bu\u0142garska 59a\/75, 60-320 Pozna\u0144.<\/p>\n<p>1.3. Administrator dok\u0142ada wszelkich stara\u0144, aby przetwarzanie danych osobowych odbywa\u0142o si\u0119 zgodnie z obowi\u0105zuj\u0105cymi przepisami prawa, w szczeg\u00f3lno\u015bci z Rozporz\u0105dzeniem Parlamentu Europejskiego i Rady (UE) 2016\/679 z dnia 27 kwietnia 2016 r. (RODO).<\/p>\n<p><strong>2. Zakres zbieranych danych<\/strong><\/p>\n<p>2.1. Administrator mo\u017ce przetwarza\u0107 nast\u0119puj\u0105ce dane osobowe u\u017cytkownik\u00f3w:<\/p>\n<ul data-spread=\"false\">\n<li>imi\u0119 i nazwisko,<\/li>\n<li>adres e-mail,<\/li>\n<li>numer telefonu,<\/li>\n<li>adres IP,<\/li>\n<li>inne dane podane dobrowolnie przez u\u017cytkownika.<\/li>\n<\/ul>\n<p>2.2. Dane osobowe zbierane s\u0105 w celu:<\/p>\n<ul data-spread=\"false\">\n<li>realizacji us\u0142ug oferowanych przez Administratora,<\/li>\n<li>kontaktu z u\u017cytkownikiem,<\/li>\n<li>prowadzenia dzia\u0142a\u0144 marketingowych,<\/li>\n<li>spe\u0142nienia obowi\u0105zk\u00f3w prawnych.<\/li>\n<\/ul>\n<p><strong>3. Podstawa prawna przetwarzania danych<\/strong><\/p>\n<p>3.1. Przetwarzanie danych osobowych odbywa si\u0119 na podstawie:<\/p>\n<ul data-spread=\"false\">\n<li>zgody u\u017cytkownika (art. 6 ust. 1 lit. a RODO),<\/li>\n<li>konieczno\u015bci wykonania umowy (art. 6 ust. 1 lit. b RODO),<\/li>\n<li>obowi\u0105zku prawnego ci\u0105\u017c\u0105cego na Administratorze (art. 6 ust. 1 lit. c RODO),<\/li>\n<li>prawnie uzasadnionych interes\u00f3w Administratora (art. 6 ust. 1 lit. f RODO).<\/li>\n<\/ul>\n<p><strong>4. Odbiorcy danych<\/strong><\/p>\n<p>4.1. Administrator mo\u017ce przekazywa\u0107 dane osobowe:<\/p>\n<ul data-spread=\"false\">\n<li>podmiotom wsp\u00f3\u0142pracuj\u0105cym w zakresie obs\u0142ugi technicznej i marketingowej strony internetowej,<\/li>\n<li>organom pa\u0144stwowym uprawnionym na podstawie przepis\u00f3w prawa.<\/li>\n<\/ul>\n<p>4.2. Dane osobowe nie b\u0119d\u0105 przekazywane do pa\u0144stwa trzeciego lub organizacji mi\u0119dzynarodowej, chyba \u017ce u\u017cytkownik wyrazi na to zgod\u0119.<\/p>\n<p><strong>5. Okres przechowywania danych<\/strong><\/p>\n<p>5.1. Dane osobowe przechowywane b\u0119d\u0105 przez okres niezb\u0119dny do realizacji cel\u00f3w, dla kt\u00f3rych zosta\u0142y zebrane, a nast\u0119pnie przez okres wynikaj\u0105cy z obowi\u0105zuj\u0105cych przepis\u00f3w prawa.<\/p>\n<p><strong>6. Prawa u\u017cytkownik\u00f3w<\/strong><\/p>\n<p>6.1. U\u017cytkownik ma prawo do:<\/p>\n<ul data-spread=\"false\">\n<li>dost\u0119pu do swoich danych,<\/li>\n<li>sprostowania danych,<\/li>\n<li>usuni\u0119cia danych,<\/li>\n<li>ograniczenia przetwarzania,<\/li>\n<li>przenoszenia danych,<\/li>\n<li>wniesienia sprzeciwu wobec przetwarzania,<\/li>\n<li>cofni\u0119cia zgody na przetwarzanie danych w dowolnym momencie.<\/li>\n<\/ul>\n<p>6.2. W celu realizacji praw, u\u017cytkownik mo\u017ce skontaktowa\u0107 si\u0119 z Administratorem pod adresem e-mail: przemek.sawczuk1993@gmail.com.<\/p>\n<p><strong>7. Pliki cookies<\/strong><\/p>\n<p>7.1. Strona internetowa wykorzystuje pliki cookies w celu zapewnienia jej prawid\u0142owego dzia\u0142ania oraz analizy ruchu.<\/p>\n<p>7.2. U\u017cytkownik mo\u017ce zarz\u0105dza\u0107 ustawieniami cookies w swojej przegl\u0105darce internetowej.<\/p>\n<p><strong>8. Zmiany w Polityce Prywatno\u015bci<\/strong><\/p>\n<p>8.1. Administrator zastrzega sobie prawo do zmian w niniejszej Polityce Prywatno\u015bci.<\/p>\n<p>8.2. Nowa wersja Polityki Prywatno\u015bci b\u0119dzie publikowana na stronie internetowej.<\/p>\n<p><strong>9. Kontakt<\/strong><\/p>\n<p>9.1. W sprawach zwi\u0105zanych z Polityk\u0105 Prywatno\u015bci mo\u017cna skontaktowa\u0107 si\u0119 z Administratorem pod adresem: Przemys\u0142aw Sawczuk ul. Strzeszy\u0144ska 89\/7, 60-479 Pozna\u0144 E-mail: przemek.sawczuk1993@gmail.com<\/p>\n<p>&nbsp;<\/p>\n<p>\n<\/div><\/div><\/div><\/div><\/div><\/div><\/div><!-- cell_inner --><\/div><!-- cell --><\/div><!-- port --><\/section><\/p>","protected":false},"excerpt":{"rendered":"","protected":false},"author":1,"featured_media":0,"parent":0,"menu_order":0,"comment_status":"closed","ping_status":"open","template":"","meta":{"footnotes":""},"class_list":["post-3","page","type-page","status-publish","hentry"],"yoast_head":"<!-- This site is optimized with the Yoast SEO plugin v25.4 - https:\/\/yoast.com\/wordpress\/plugins\/seo\/ -->\n<title>Polityka prywatno\u015bci - M\u00f3j Kontrakt - Doradztwo finansowe dla lekarzy<\/title>\n<meta name=\"robots\" content=\"index, follow, max-snippet:-1, max-image-preview:large, max-video-preview:-1\" \/>\n<link rel=\"canonical\" href=\"https:\/\/mojkontrakt.pl\/?page_id=3\" \/>\n<meta property=\"og:locale\" content=\"pl_PL\" \/>\n<meta property=\"og:type\" content=\"article\" \/>\n<meta property=\"og:title\" content=\"Polityka prywatno\u015bci - M\u00f3j Kontrakt - Doradztwo finansowe dla lekarzy\" \/>\n<meta property=\"og:url\" content=\"https:\/\/mojkontrakt.pl\/?page_id=3\" \/>\n<meta property=\"og:site_name\" content=\"M\u00f3j Kontrakt - Doradztwo finansowe dla lekarzy\" \/>\n<meta property=\"article:modified_time\" content=\"2025-07-07T16:26:30+00:00\" \/>\n<meta name=\"twitter:card\" content=\"summary_large_image\" \/>\n<meta name=\"twitter:label1\" content=\"Szacowany czas czytania\" \/>\n\t<meta name=\"twitter:data1\" content=\"3 minuty\" \/>\n<script type=\"application\/ld+json\" class=\"yoast-schema-graph\">{\"@context\":\"https:\/\/schema.org\",\"@graph\":[{\"@type\":\"WebPage\",\"@id\":\"https:\/\/mojkontrakt.pl\/?page_id=3\",\"url\":\"https:\/\/mojkontrakt.pl\/?page_id=3\",\"name\":\"Polityka prywatno\u015bci - M\u00f3j Kontrakt - Doradztwo finansowe dla lekarzy\",\"isPartOf\":{\"@id\":\"https:\/\/mojkontrakt.pl\/#website\"},\"datePublished\":\"2025-02-22T11:19:15+00:00\",\"dateModified\":\"2025-07-07T16:26:30+00:00\",\"breadcrumb\":{\"@id\":\"https:\/\/mojkontrakt.pl\/?page_id=3#breadcrumb\"},\"inLanguage\":\"pl-PL\",\"potentialAction\":[{\"@type\":\"ReadAction\",\"target\":[\"https:\/\/mojkontrakt.pl\/?page_id=3\"]}]},{\"@type\":\"BreadcrumbList\",\"@id\":\"https:\/\/mojkontrakt.pl\/?page_id=3#breadcrumb\",\"itemListElement\":[{\"@type\":\"ListItem\",\"position\":1,\"name\":\"Strona g\u0142\u00f3wna\",\"item\":\"https:\/\/mojkontrakt.pl\/\"},{\"@type\":\"ListItem\",\"position\":2,\"name\":\"Polityka prywatno\u015bci\"}]},{\"@type\":\"WebSite\",\"@id\":\"https:\/\/mojkontrakt.pl\/#website\",\"url\":\"https:\/\/mojkontrakt.pl\/\",\"name\":\"M\u00f3j Kontrakt - Doradztwo finansowe dla lekarzy\",\"description\":\"\",\"publisher\":{\"@id\":\"https:\/\/mojkontrakt.pl\/#organization\"},\"potentialAction\":[{\"@type\":\"SearchAction\",\"target\":{\"@type\":\"EntryPoint\",\"urlTemplate\":\"https:\/\/mojkontrakt.pl\/?s={search_term_string}\"},\"query-input\":{\"@type\":\"PropertyValueSpecification\",\"valueRequired\":true,\"valueName\":\"search_term_string\"}}],\"inLanguage\":\"pl-PL\"},{\"@type\":\"Organization\",\"@id\":\"https:\/\/mojkontrakt.pl\/#organization\",\"name\":\"M\u00f3j Kontrakt - Doradztwo finansowe dla lekarzy\",\"url\":\"https:\/\/mojkontrakt.pl\/\",\"logo\":{\"@type\":\"ImageObject\",\"inLanguage\":\"pl-PL\",\"@id\":\"https:\/\/mojkontrakt.pl\/#\/schema\/logo\/image\/\",\"url\":\"http:\/\/mojkontrakt.pl\/wp-content\/uploads\/2025\/02\/logo1.png\",\"contentUrl\":\"http:\/\/mojkontrakt.pl\/wp-content\/uploads\/2025\/02\/logo1.png\",\"width\":9865,\"height\":2364,\"caption\":\"M\u00f3j Kontrakt - Doradztwo finansowe dla lekarzy\"},\"image\":{\"@id\":\"https:\/\/mojkontrakt.pl\/#\/schema\/logo\/image\/\"}}]}<\/script>\n<!-- \/ Yoast SEO plugin. -->","yoast_head_json":{"title":"Polityka prywatno\u015bci - M\u00f3j Kontrakt - Doradztwo finansowe dla lekarzy","robots":{"index":"index","follow":"follow","max-snippet":"max-snippet:-1","max-image-preview":"max-image-preview:large","max-video-preview":"max-video-preview:-1"},"canonical":"https:\/\/mojkontrakt.pl\/?page_id=3","og_locale":"pl_PL","og_type":"article","og_title":"Polityka prywatno\u015bci - M\u00f3j Kontrakt - Doradztwo finansowe dla lekarzy","og_url":"https:\/\/mojkontrakt.pl\/?page_id=3","og_site_name":"M\u00f3j Kontrakt - Doradztwo finansowe dla lekarzy","article_modified_time":"2025-07-07T16:26:30+00:00","twitter_card":"summary_large_image","twitter_misc":{"Szacowany czas czytania":"3 minuty"},"schema":{"@context":"https:\/\/schema.org","@graph":[{"@type":"WebPage","@id":"https:\/\/mojkontrakt.pl\/?page_id=3","url":"https:\/\/mojkontrakt.pl\/?page_id=3","name":"Polityka prywatno\u015bci - M\u00f3j Kontrakt - Doradztwo finansowe dla lekarzy","isPartOf":{"@id":"https:\/\/mojkontrakt.pl\/#website"},"datePublished":"2025-02-22T11:19:15+00:00","dateModified":"2025-07-07T16:26:30+00:00","breadcrumb":{"@id":"https:\/\/mojkontrakt.pl\/?page_id=3#breadcrumb"},"inLanguage":"pl-PL","potentialAction":[{"@type":"ReadAction","target":["https:\/\/mojkontrakt.pl\/?page_id=3"]}]},{"@type":"BreadcrumbList","@id":"https:\/\/mojkontrakt.pl\/?page_id=3#breadcrumb","itemListElement":[{"@type":"ListItem","position":1,"name":"Strona g\u0142\u00f3wna","item":"https:\/\/mojkontrakt.pl\/"},{"@type":"ListItem","position":2,"name":"Polityka prywatno\u015bci"}]},{"@type":"WebSite","@id":"https:\/\/mojkontrakt.pl\/#website","url":"https:\/\/mojkontrakt.pl\/","name":"M\u00f3j Kontrakt - Doradztwo finansowe dla lekarzy","description":"","publisher":{"@id":"https:\/\/mojkontrakt.pl\/#organization"},"potentialAction":[{"@type":"SearchAction","target":{"@type":"EntryPoint","urlTemplate":"https:\/\/mojkontrakt.pl\/?s={search_term_string}"},"query-input":{"@type":"PropertyValueSpecification","valueRequired":true,"valueName":"search_term_string"}}],"inLanguage":"pl-PL"},{"@type":"Organization","@id":"https:\/\/mojkontrakt.pl\/#organization","name":"M\u00f3j Kontrakt - Doradztwo finansowe dla lekarzy","url":"https:\/\/mojkontrakt.pl\/","logo":{"@type":"ImageObject","inLanguage":"pl-PL","@id":"https:\/\/mojkontrakt.pl\/#\/schema\/logo\/image\/","url":"http:\/\/mojkontrakt.pl\/wp-content\/uploads\/2025\/02\/logo1.png","contentUrl":"http:\/\/mojkontrakt.pl\/wp-content\/uploads\/2025\/02\/logo1.png","width":9865,"height":2364,"caption":"M\u00f3j Kontrakt - Doradztwo finansowe dla lekarzy"},"image":{"@id":"https:\/\/mojkontrakt.pl\/#\/schema\/logo\/image\/"}}]}},"_links":{"self":[{"href":"https:\/\/mojkontrakt.pl\/index.php?rest_route=\/wp\/v2\/pages\/3","targetHints":{"allow":["GET"]}}],"collection":[{"href":"https:\/\/mojkontrakt.pl\/index.php?rest_route=\/wp\/v2\/pages"}],"about":[{"href":"https:\/\/mojkontrakt.pl\/index.php?rest_route=\/wp\/v2\/types\/page"}],"author":[{"embeddable":true,"href":"https:\/\/mojkontrakt.pl\/index.php?rest_route=\/wp\/v2\/users\/1"}],"replies":[{"embeddable":true,"href":"https:\/\/mojkontrakt.pl\/index.php?rest_route=%2Fwp%2Fv2%2Fcomments&post=3"}],"version-history":[{"count":5,"href":"https:\/\/mojkontrakt.pl\/index.php?rest_route=\/wp\/v2\/pages\/3\/revisions"}],"predecessor-version":[{"id":3771,"href":"https:\/\/mojkontrakt.pl\/index.php?rest_route=\/wp\/v2\/pages\/3\/revisions\/3771"}],"wp:attachment":[{"href":"https:\/\/mojkontrakt.pl\/index.php?rest_route=%2Fwp%2Fv2%2Fmedia&parent=3"}],"curies":[{"name":"wp","href":"https:\/\/api.w.org\/{rel}","templated":true}]}}